{"id":76454,"date":"2026-03-02T14:59:52","date_gmt":"2026-03-02T13:59:52","guid":{"rendered":"https:\/\/www.courzyvite.run\/blog\/?page_id=76454"},"modified":"2026-03-04T13:39:43","modified_gmt":"2026-03-04T12:39:43","slug":"calendrier-et-resultats","status":"publish","type":"page","link":"https:\/\/www.courzyvite.run\/blog\/calendrier-et-resultats\/","title":{"rendered":"Calendrier et r\u00e9sultats"},"content":{"rendered":"<h3>LE CALENDRIER 2026 :<\/h3>\n<p>&nbsp;<\/p>\n\n<table id=\"tablepress-1\" class=\"tablepress tablepress-id-1 tbody-has-connected-cells\">\n<tbody class=\"row-striping row-hover\">\n<tr class=\"row-1\">\n\t<td class=\"column-1\">22 Mars<\/td><td class=\"column-2\"><a href=\"https:\/\/traildelamichaille.fr\/\" target=\"_blank\"><strong>Trail de la Michaille<\/strong><\/a><\/td><td class=\"column-3\">CHATILLON en Michaille (01)<\/td><td class=\"column-4\">12-22-32 km<\/td><td class=\"column-5\"><\/td>\n<\/tr>\n<tr class=\"row-2\">\n\t<td class=\"column-1\">28 Mars<\/td><td class=\"column-2\"><a href=\"https:\/\/lesprincesenfoulees.com\/\" target=\"_blank\"><strong>Les Princes en Foul\u00e9es<\/strong><\/a><\/td><td class=\"column-3\">SEYSSEL (74)<\/td><td class=\"column-4\">11-19-26-31 km<\/td><td class=\"column-5\"><\/td>\n<\/tr>\n<tr class=\"row-3\">\n\t<td class=\"column-1\">28 Juin<\/td><td class=\"column-2\"><a href=\"https:\/\/www.cfmesigny.com\/\" target=\"_blank\"><strong>M\u00e9sy'Trail<\/strong><\/a><\/td><td class=\"column-3\">MESIGNY (74)<\/td><td class=\"column-4\">11-17-27 km<\/td><td class=\"column-5\"><\/td>\n<\/tr>\n<tr class=\"row-4\">\n\t<td class=\"column-1\">05 Juillet<\/td><td class=\"column-2\"><a href=\"http:\/\/www.trail-de-la-biche.fr\/\" target=\"_blank\"><strong>Trail de la Biche<\/strong><\/a><\/td><td class=\"column-3\">GIRON (01)<\/td><td class=\"column-4\">12 - 26 km<\/td><td class=\"column-5\"><\/td>\n<\/tr>\n<tr class=\"row-5\">\n\t<td class=\"column-1\">19 Septembre<\/td><td class=\"column-2\"><a href=\"https:\/\/www.helloasso.com\/associations\/comite-des-fetes-de-chavannaz\/evenements\/chavanna-trail\" target=\"_blank\"><strong>Le Chavanna'Trail<\/strong><\/a><\/td><td class=\"column-3\">CHAVANNAZ (74)<\/td><td class=\"column-4\">10-16-25 km<\/td><td class=\"column-5\"><\/td>\n<\/tr>\n<tr class=\"row-6\">\n\t<td class=\"column-1\">18 Octobre<\/td><td class=\"column-2\"><a href=\"https:\/\/www.defidefortlecluse.com\/\" target=\"_blank\"><strong>D\u00e9fi de Fort l'Ecluse<\/strong><\/a><\/td><td class=\"column-3\">LEAZ (01)<\/td><td class=\"column-4\">12 - 19 km<\/td><td class=\"column-5\"><\/td>\n<\/tr>\n<tr class=\"row-7\">\n\t<td class=\"column-1\">25 Octobre<\/td><td class=\"column-2\"><a href=\"https:\/\/st-germain-sur-rhone-comite.e-monsite.com\/\" target=\"_blank\"><strong>Cross de la Semine<\/strong><\/a><\/td><td class=\"column-3\">ST-GERMAIN-sur-Rh\u00f4ne (74)<\/td><td class=\"column-4\">12 - 20 Km<\/td><td class=\"column-5\"><\/td>\n<\/tr>\n<tr class=\"row-8\">\n\t<td colspan=\"5\" class=\"column-1\"><\/td>\n<\/tr>\n<tr class=\"row-9\">\n\t<td colspan=\"5\" class=\"column-1\"><strong>- Classement provisoire 2026<\/strong><\/td>\n<\/tr>\n<tr class=\"row-10\">\n\t<td colspan=\"5\" class=\"column-1\">- <a href=\"https:\/\/live.l-chrono.com\/resultats\/challenge-des-trails-du-haut-rhone-2025\" target=\"_blank\">R\u00e9sultats 2025<\/a><\/td>\n<\/tr>\n<\/tbody>\n<\/table>\n<!-- #tablepress-1 from cache -->\n<h3>LA REGLEMENTATION :<\/h3>\n<p>&nbsp;<\/p>\n<h4>\u2013 2 classements scratch :<\/h4>\n<p>1 classement scratch hommes.<br \/>\n1 classement scratch femmes.<\/p>\n<h4>\u2013 Les coefficients :<\/h4>\n<p>32 km du Trail de la Michaille : coefficient 1,2<br \/>\n22 km du Trail de la Michaille : coefficient 1<br \/>\n12 km du Trail de la Michaille : coefficient 0.8<\/p>\n<p>31 km des Princes en Foul\u00e9es : coefficient 1,2<br \/>\n26 km des Princes en Foul\u00e9es : coefficient 1<br \/>\n19 km des Princes en Foul\u00e9es : coefficient 0.8<br \/>\n11 km des Princes en Foul\u00e9es : coefficient 0.6<\/p>\n<p>27 km du M\u00e9sy&#8217;Trail : coefficient 1,2<br \/>\n17 km du M\u00e9sy&#8217;Trail : coefficient 1<br \/>\n11 km du M\u00e9sy&#8217;Trail : coefficient 0.8<\/p>\n<p>26 km du Trail de la Biche : coefficient 1,2<br \/>\n12 km du Trail de la Biche : coefficient 1<\/p>\n<p>19 km du D\u00e9fi de Fort l&#8217;Ecluse : coefficient 1,2<br \/>\n12 km du D\u00e9fi de Fort l&#8217;Ecluse : coefficient 1<\/p>\n<p>19,8 km du Cross de la Semine : coefficient 1,2<br \/>\n12,2 km du Cross de la Semine : coefficient 1<\/p>\n<h4>\u2013 R\u00e9partition des points :<\/h4>\n<p>1er : 400 points.<br \/>\n2\u00e8me : 380 points.<br \/>\n3\u00e8me : 360 points.<br \/>\n4\u00e8me : 340 points.<br \/>\n5\u00e8me : 335 points.<br \/>\n6\u00e8me : 330 points.<br \/>\n7\u00e8me : 325 points.<br \/>\n8\u00e8me : 320 points.<br \/>\n9\u00e8me : 315 points.<br \/>\n10\u00e8me : 310 points.<br \/>\n11\u00e8me : 300 points.<br \/>\nDu 12\u00e8me au dernier class\u00e9 : on retranche un point par place.<\/p>\n<p><strong>La r\u00e9partition des points s\u2019effectue de la m\u00eame fa\u00e7on :<\/strong><br \/>\n\u2013 Pour les hommes et pour les femmes.<br \/>\n\u2013 Pour chacune des courses.<\/p>\n<p><strong>En cas d\u2019\u00e9galit\u00e9 finale, les athl\u00e8tes sont d\u00e9partag\u00e9s selon 3 crit\u00e8res :<\/strong><br \/>\n\u2013 1er crit\u00e8re : la meilleure place sur une course.<br \/>\n\u2013 2\u00e8me crit\u00e8re : la meilleure 2\u00e8me place sur une course.<br \/>\n\u2013 3\u00e8me crit\u00e8re : la meilleure 3\u00e8me place sur une course.<\/p>\n<p><strong><br \/>\n<\/strong><strong>Le Chavanna\u2019Trail : Course non chronom\u00e9tr\u00e9e<br \/>\n<\/strong><strong>L\u2019unique manifestation dot\u00e9e de 3 bonus :<\/strong><br \/>\n\u2013 25 km : 250 points de bonus<br \/>\n\u2013 16 km : 200 points de bonus<br \/>\n\u2013 10 km : 150 points de bonus<\/p>\n<h4>\u2013 Nombre d\u2019\u00e9preuves retenues :<\/h4>\n<p>Les 19 courses qui \u00e9manent des 7 manifestations sont comptabilis\u00e9es dans les 2 classements finaux, hommes et femmes.<br \/>\nFigurent dans les 2 classements finaux tous les hommes et toutes les femmes ayant honor\u00e9 au moins 5 manifestations sur 7.<br \/>\n<strong>Un bonus de 50 points<\/strong>\u00a0est accord\u00e9 \u00e0 celui qui disputera 6 courses sur 7.<br \/>\n<strong>Un bonus de 100 points<\/strong>\u00a0est accord\u00e9 \u00e0 celui qui disputera les 7 courses.<br \/>\n<strong>Un bonus de 200 points,\u00a0<\/strong>mais aussi\u00a0<strong>une participation suppl\u00e9mentaire<\/strong>, sont accord\u00e9s \u00e0 celui qui est b\u00e9n\u00e9vole sur une des 7 manifestations.<\/p>\n<h4>\u2013 Les r\u00e9compenses :<\/h4>\n<p>Date et lieu \u00e0 venir&#8230;<\/p>\n","protected":false},"excerpt":{"rendered":"<p>LE CALENDRIER 2026 : &nbsp; LA REGLEMENTATION : &nbsp; \u2013 2 classements scratch : 1 classement scratch hommes. 1 classement scratch femmes. \u2013 Les coefficients : 32 km du Trail de la Michaille : coefficient 1,2 22 km du Trail de la Michaille : coefficient 1 12 km du Trail de la Michaille : coefficient 0.8 31 km des Princes en Foul\u00e9es : coefficient 1,2 26 km des Princes en [&#8230;]<\/p>\n","protected":false},"author":1,"featured_media":0,"parent":0,"menu_order":0,"comment_status":"closed","ping_status":"closed","template":"","meta":{"advanced_seo_description":"","jetpack_seo_html_title":"","jetpack_seo_noindex":false,"footnotes":""},"class_list":["post-76454","page","type-page","status-publish","hentry"],"jetpack_shortlink":"https:\/\/wp.me\/P7PZ3h-jT8","jetpack_sharing_enabled":true,"_links":{"self":[{"href":"https:\/\/www.courzyvite.run\/blog\/wp-json\/wp\/v2\/pages\/76454","targetHints":{"allow":["GET"]}}],"collection":[{"href":"https:\/\/www.courzyvite.run\/blog\/wp-json\/wp\/v2\/pages"}],"about":[{"href":"https:\/\/www.courzyvite.run\/blog\/wp-json\/wp\/v2\/types\/page"}],"author":[{"embeddable":true,"href":"https:\/\/www.courzyvite.run\/blog\/wp-json\/wp\/v2\/users\/1"}],"replies":[{"embeddable":true,"href":"https:\/\/www.courzyvite.run\/blog\/wp-json\/wp\/v2\/comments?post=76454"}],"version-history":[{"count":4,"href":"https:\/\/www.courzyvite.run\/blog\/wp-json\/wp\/v2\/pages\/76454\/revisions"}],"predecessor-version":[{"id":76474,"href":"https:\/\/www.courzyvite.run\/blog\/wp-json\/wp\/v2\/pages\/76454\/revisions\/76474"}],"wp:attachment":[{"href":"https:\/\/www.courzyvite.run\/blog\/wp-json\/wp\/v2\/media?parent=76454"}],"curies":[{"name":"wp","href":"https:\/\/api.w.org\/{rel}","templated":true}]}}